{"id":52,"date":"2016-03-21T17:12:45","date_gmt":"2016-03-21T16:12:45","guid":{"rendered":"http:\/\/www.larimaquoi.fr\/?page_id=52"},"modified":"2026-01-12T18:30:35","modified_gmt":"2026-01-12T17:30:35","slug":"presentation","status":"publish","type":"page","link":"https:\/\/www.larimaquoi.fr\/","title":{"rendered":"Larimaquoi, c\u2019est quoi ?"},"content":{"rendered":"\n<h2 class=\"wp-block-heading has-text-align-center\"><strong><span style=\"color: #800080;\"><em>2026 est <\/em><\/span><em>arriv\u00e9e <\/em><\/strong><\/h2>\n\n\n\n<h3 class=\"wp-block-heading\">Nous vous pr\u00e9sentons nos meilleurs v\u0153ux de lecture, d&rsquo;auditions, de partage de textes litt\u00e9raires, po\u00e9tiques ou autres &#8230; et bien s\u00fbr plein de choses agr\u00e9ables dans vos vies ! Qui sait, peut-\u00eatre viendrez-vous nous \u00e9couter et \u00e9changer&nbsp; avec nous cette ann\u00e9e ? Notre Agenda est l\u00e0 pour&nbsp; vous informer de nos prochaines lectures.&nbsp;&nbsp;<\/h3>\n\n\n\n<h3 class=\"wp-block-heading\">&nbsp;<\/h3>\n\n\n\n<p><\/p>\n\n\n\n<p><span style=\"color: #000000; font-size: 19px;\">Apr\u00e8s une premi\u00e8re exp\u00e9rience enthousiasmante \u00e0 l\u2019automne 1999 dans la ville d\u2019H\u00e9rouville-St-Clair (14200), nous avons &nbsp;d\u00e9cid\u00e9 de continuer cette aventure et de cr\u00e9er une <\/span><strong style=\"font-size: 19px;\">association<\/strong><span style=\"color: #000000; font-size: 19px;\"> au printemps 2000, pour \u00eatre connus, reconnus, entendus. Ainsi est n\u00e9e <\/span><strong style=\"font-size: 19px;\">LARIMAQUOI,<\/strong><span style=\"color: #000000; font-size: 19px;\"> (petit clin d\u2019\u0153il \u00e0 un po\u00e8me de Pr\u00e9vert).<\/span><\/p>\n\n\n\n<div class=\"entry-content\">\n<h3>&nbsp; &nbsp; Nos&nbsp;objectifs sont de proposer des <strong>lectures \u00e0 voix haute<\/strong> \u00e0 tous les publics, dans les lieux les plus divers, en particulier en direction des publics qui d\u2019ordinaire en sont le plus \u00e9loign\u00e9s et &nbsp;les rencontrer dans leurs cadres de vie : \u00e0 domicile, \u00e0 la biblioth\u00e8que, dans les \u00e9coles, les cr\u00e8ches, les associations, voire m\u00eame les entreprises\u2026<\/h3>\n<h3>&nbsp; Pour ce faire, les liseurs de Larimaquoi (une petite trentaine) se forment avec des professionnels, qu\u2019ils r\u00e9mun\u00e8rent, pour acqu\u00e9rir les comp\u00e9tences, soucieux de pr\u00e9senter aux publics des prestations de qualit\u00e9.<\/h3>\n<\/div>\n\n\n\n<h3 class=\"wp-block-heading\"><span style=\"color: #000000;\">&nbsp; &nbsp;Ces derni\u00e8res ann\u00e9es, nous avons plus pr\u00e9cis\u00e9ment travaill\u00e9&nbsp; avec des jeunes,&nbsp; en faisant des lectures dans des coll\u00e8ges et lyc\u00e9es mais aussi en &nbsp;montant avec eux et l&rsquo;aide d&rsquo;un(e) com\u00e9dien(ne) des lectures sur un th\u00e8me. De m\u00eame, nous avons effectu\u00e9 un travail de recueil de paroles de r\u00e9sidents d&rsquo;EHPAD et de FAM, avec une mise ne voix de ces paroles.<\/span><\/h3>\n\n\n\n<h3 class=\"wp-block-heading\"><span style=\"color: #000000;\">Tout ceci nous est possible gr\u00e2ce &nbsp;au soutien de : &nbsp;<\/span><\/h3>\n\n\n\n<h3 class=\"wp-block-heading\"><span style=\"color: #000000;\">la&nbsp;<\/span><span style=\"color: #000000;\">Ville d&rsquo;h\u00e9rouville Saint-Clair, la DDCS, la DRAC, le CD14, le CRL<\/span><\/h3>\n\n\n\n<h3 class=\"wp-block-heading\"><span style=\"color: #000000;\"><img decoding=\"async\" loading=\"lazy\" class=\"alignnone  wp-image-170\" src=\"https:\/\/www.larimaquoi.fr\/wp-content\/uploads\/2016\/03\/herouville-saint-clair-193x300.jpg\" alt=\"\" width=\"52\" height=\"81\">&nbsp; &nbsp; &nbsp;<img decoding=\"async\" loading=\"lazy\" class=\"alignnone  wp-image-173\" src=\"https:\/\/www.larimaquoi.fr\/wp-content\/uploads\/2016\/03\/prefet-departement.png\" alt=\"\" width=\"60\" height=\"77\">&nbsp; &nbsp;<img decoding=\"async\" loading=\"lazy\" class=\"alignnone  wp-image-172\" src=\"https:\/\/www.larimaquoi.fr\/wp-content\/uploads\/2016\/03\/drac-300x209.jpg\" alt=\"\" width=\"97\" height=\"68\" srcset=\"https:\/\/www.larimaquoi.fr\/wp-content\/uploads\/2016\/03\/drac-300x209.jpg 300w, https:\/\/www.larimaquoi.fr\/wp-content\/uploads\/2016\/03\/drac-768x534.jpg 768w, https:\/\/www.larimaquoi.fr\/wp-content\/uploads\/2016\/03\/drac.jpg 894w\" sizes=\"(max-width: 97px) 100vw, 97px\" \/><img decoding=\"async\" loading=\"lazy\" class=\"alignnone  wp-image-168\" src=\"https:\/\/www.larimaquoi.fr\/wp-content\/uploads\/2016\/03\/CALVADOS-dep_logo2015-300x245.png\" alt=\"\" width=\"63\" height=\"52\" srcset=\"https:\/\/www.larimaquoi.fr\/wp-content\/uploads\/2016\/03\/CALVADOS-dep_logo2015-300x245.png 300w, https:\/\/www.larimaquoi.fr\/wp-content\/uploads\/2016\/03\/CALVADOS-dep_logo2015-768x628.png 768w, https:\/\/www.larimaquoi.fr\/wp-content\/uploads\/2016\/03\/CALVADOS-dep_logo2015.png 830w\" sizes=\"(max-width: 63px) 100vw, 63px\" \/>&nbsp; &nbsp; &nbsp;<img decoding=\"async\" loading=\"lazy\" class=\"alignnone  wp-image-174\" src=\"https:\/\/www.larimaquoi.fr\/wp-content\/uploads\/2016\/03\/CRL-.jpg\" alt=\"\" width=\"58\" height=\"58\"><\/span><\/h3>\n","protected":false},"excerpt":{"rendered":"<p>2026 est arriv\u00e9e Nous vous pr\u00e9sentons nos meilleurs v\u0153ux de lecture, d&rsquo;auditions, de partage de textes litt\u00e9raires, po\u00e9tiques ou autres &#8230; et bien s\u00fbr plein de choses agr\u00e9ables dans vos vies ! Qui sait, peut-\u00eatre viendrez-vous nous \u00e9couter et \u00e9changer&nbsp; &hellip; <a href=\"https:\/\/www.larimaquoi.fr\/\">Continuer la lecture <span class=\"meta-nav\">&rarr;<\/span><\/a><\/p>\n","protected":false},"author":1,"featured_media":0,"parent":0,"menu_order":0,"comment_status":"closed","ping_status":"closed","template":"","meta":[],"_links":{"self":[{"href":"https:\/\/www.larimaquoi.fr\/index.php\/wp-json\/wp\/v2\/pages\/52"}],"collection":[{"href":"https:\/\/www.larimaquoi.fr\/index.php\/wp-json\/wp\/v2\/pages"}],"about":[{"href":"https:\/\/www.larimaquoi.fr\/index.php\/wp-json\/wp\/v2\/types\/page"}],"author":[{"embeddable":true,"href":"https:\/\/www.larimaquoi.fr\/index.php\/wp-json\/wp\/v2\/users\/1"}],"replies":[{"embeddable":true,"href":"https:\/\/www.larimaquoi.fr\/index.php\/wp-json\/wp\/v2\/comments?post=52"}],"version-history":[{"count":17,"href":"https:\/\/www.larimaquoi.fr\/index.php\/wp-json\/wp\/v2\/pages\/52\/revisions"}],"predecessor-version":[{"id":361,"href":"https:\/\/www.larimaquoi.fr\/index.php\/wp-json\/wp\/v2\/pages\/52\/revisions\/361"}],"wp:attachment":[{"href":"https:\/\/www.larimaquoi.fr\/index.php\/wp-json\/wp\/v2\/media?parent=52"}],"curies":[{"name":"wp","href":"https:\/\/api.w.org\/{rel}","templated":true}]}}