{"id":64,"date":"2016-03-23T18:12:31","date_gmt":"2016-03-23T17:12:31","guid":{"rendered":"http:\/\/www.larimaquoi.fr\/?page_id=64"},"modified":"2024-02-01T17:02:15","modified_gmt":"2024-02-01T16:02:15","slug":"nos-liens","status":"publish","type":"page","link":"https:\/\/www.larimaquoi.fr\/index.php\/nos-liens\/","title":{"rendered":"Nos liens"},"content":{"rendered":"<h2><strong>\u00a0 \u00a0 Les associations ou artistes<\/strong><\/h2>\n<ul>\n<li><span style=\"color: #000000;\">Vous voulez suivre nos amis des\u00a0 <strong><span style=\"color: #000080;\">\u00ab\u00a0Hauts-Parleurs\u00a0\u00bb<\/span>\u00a0<\/strong>de St-L\u00f4 ? Alors rendez-vous sur le site de Lire \u00e0 St L\u00f4 http:\/\/www.lireasaintlo.fr\/haut-parleurs\/ \u00a0ou \u00a0sur celui de la m\u00e9diath\u00e8que \u00a0http:\/\/mediatheque.saint-lo.fr\/<\/span><\/li>\n<\/ul>\n<ul>\n<li><span style=\"color: #000000;\">\u00a0Pour suivre Marc Fr\u00e9mond, allez sur le site du<\/span> <strong>P\u00e9broc th\u00e9\u00e2tre<\/strong> : <span style=\"color: #000000;\">\u00a0<a style=\"color: #000000;\" href=\"http:\/\/www.google.com\/url?q=http%3A%2F%2Fwww.pebroc-theatre.com%2F%23!la-compagnie-pebroc-theatre%2Fc1c1v&amp;sa=D&amp;sntz=1&amp;usg=AFrqEze5-0DgCWvp1HnNiG2k2n0_R5WvnA\">http:\/\/www.pebroc-theatre.com\/#!la-compagnie-pebroc-theatre\/c1c1v<\/a><\/span><\/li>\n<li><span style=\"color: #000000;\">et pour suivre Malika Labrume et la <strong>Brigade d&rsquo;Intervention Po\u00e9tique<\/strong>: <span style=\"text-decoration: underline;\">\u00a0http:\/\/janskwsk.wix.com\/bip-de-caen<\/span><\/span><\/li>\n<\/ul>\n<ul>\n<li><span style=\"color: #000000;\">Pour savoir ce<span style=\"color: #993300;\"><span style=\"color: #000000;\"> que<\/span> <strong>l&rsquo;IMEC<\/strong>\u00a0 \u00a0<\/span>(Institut M\u00e9moire de l&rsquo;Edition Contemporaine) propose, rendez-vous sur son site : http:\/\/www.imec-archives.com . \u00a0Et oui, l&rsquo;IMEC se situe \u00e0 CAEN, dans un tr\u00e8s beau site : l&rsquo;abbaye d&rsquo;Ardenne.<\/span><\/li>\n<\/ul>\n<ul>\n<li><span style=\"color: #000000;\">Plus loin de nous \u00a0(mais \u00a0elle vient r\u00e9guli\u00e8rement au festival \u00e0 Houlgate : \u00a0https:\/\/www.rencontresdete.fr\/), \u00a0nous avions fait la connaissance de <strong>Fr\u00e9d\u00e9rique Bruyas<\/strong> \u00a0lors de notre premi\u00e8re Biennale. Vous la trouverez sur www.youtube.fr<\/span><\/li>\n<\/ul>\n<ul>\n<li><span style=\"color: #333333;\">Dans le cadre de la mise en place de Facile \u00e0 lire, en 2019,\u00a0 nous avons eu le grand plaisir de faire connaissance avec <strong>Tania Bracq<\/strong> et ses lectures musicales. Allez voir sur<\/span>\u00a0 <a class=\"moz-txt-link-abbreviated\" href=\"http:\/\/www.cantefables.canalblog.com\">www.chantefables.canalblog.com<\/a><\/li>\n<\/ul>\n<h3><\/h3>\n<h2><strong>\u00a0 \u00a0 Des festivals \u00a0<\/strong><\/h2>\n<ul>\n<li>\n<h5><span style=\"font-size: large;\"><span style=\"color: #000000;\"><span style=\"color: #800000;\"><strong><span style=\"color: #800000;\">Les Bor\u00e9ales<\/span> :<\/strong> un festival en Nord<\/span>. \u00a0A Caen et dans de nombreuses villes normandes. En 2023 c&rsquo;\u00e9tait du 15 au 26 novembre. \u00a0http:\/\/www.lesboreales.com\/ \u00a0\u00a0<\/span><\/span><\/h5>\n<\/li>\n<\/ul>\n<ul>\n<li>\n<h5><span style=\"font-size: large;\"><span style=\"color: #000000;\">une manifestation pr\u00e8s de chez nous :<strong><span style=\"color: #ff0000;\"> Bloody fleury<\/span><\/strong>, festival <span style=\"color: #ff0000;\"><span style=\"color: #000000;\">polar<\/span> <\/span>\u00e0 Fleury\/orne du 15 au 17 mars 2024 <\/span><\/span><span style=\"font-size: large;\"><span style=\"color: #000000;\">. \u00a0 <\/span><\/span><span style=\"color: #000000; font-size: large;\">http:\/\/bloody.fleurysurorne.fr\/<\/span><\/h5>\n<\/li>\n<\/ul>\n<h5><span style=\"color: #000000; font-size: large;\">et un peu plus loin : <\/span><\/h5>\n<ul>\n<li>\n<h5><span style=\"color: #000000; font-size: large;\"><strong>\u00a0<\/strong><span style=\"color: #000080;\"><strong><span style=\"color: #000080;\">Pirou\u00e9sie\u00a0<\/span> <\/strong><span style=\"color: #000000;\">\u00e0 Pirou, dans la Manche. Une manifestation avec des stages et des spectacles. En 2023 c&rsquo;\u00e9tait du 30 juillet au 4 ao\u00fbt. \u00a0Voir sur http:\/\/www.pirouesie.net\/<\/span><\/span><\/span><\/h5>\n<\/li>\n<\/ul>\n<ul>\n<li>\n<h5><span style=\"color: #000000; font-size: large;\">\u00a0au Havre : <strong>\u00ab\u00a0<\/strong><\/span><strong><span style=\"color: #8e7cc3; font-size: large;\">le go\u00fbt des autres<\/span><\/strong><span style=\"color: #000000; font-size: large;\"><strong>\u00ab\u00a0<\/strong> du 18 au 21 janvier 2024 : https:\/\/legoutdesautres.lehavre.fr\/<\/span><\/h5>\n<\/li>\n<\/ul>\n<h2><strong>\u00a0 \u00a0 Des exp\u00e9riences \u00a0<\/strong><\/h2>\n<ul>\n<li><span style=\"font-size: large;\"><span style=\"color: #000000;\">Connaissez-vous <\/span><span style=\"color: #38761d;\"><strong>Biblioth\u00e8ques sans fronti\u00e8re<\/strong>\u00a0<\/span><\/span><span style=\"font-size: large;\"><span style=\"color: #000000;\">et leur projet<\/span><span style=\"color: #274e13;\"><b> Ideas Box<\/b><\/span><span style=\"color: #000000;\">\u00a0 \u00a0<\/span><\/span><span style=\"color: #000000; font-size: medium;\">http:\/\/www.ideas-box.org\/index.php\/fr\/ideas-box\/decouvrez-l-ideas-box<\/span><span style=\"color: #000000; font-size: large;\">\u00a0<\/span><\/li>\n<\/ul>\n<ul>\n<li><span style=\"color: #000000; font-size: large;\">Un lien \u00a0\u00e0 regarder sur un beau travail de <strong>lecture en ch\u0153ur<\/strong>\u00a0\u00a0!! \u00a0<\/span>https:\/\/www.youtube.com\/watch?v=Ep1gKmLXmxA&amp;feature=share0<\/li>\n<li>et <strong>en \u00ab\u00a0canon\u00a0\u00bb<\/strong>\u00a0https:\/\/www.youtube.com\/watch?v=Fypg-pp9Jew<\/li>\n<li>les ados lisent dans ce <strong>coll\u00e8ge<\/strong> :\u00a0http:\/\/france3-regions.francetvinfo.fr\/provence-alpes-cote-d-azur\/alpes-de-haute-provence\/digne-les-bains\/collegiens-banon-silence-on-lit-1205439.html<\/li>\n<\/ul>\n<h3><\/h3>\n<h3><\/h3>\n<div><\/div>\n<div><\/div>\n","protected":false},"excerpt":{"rendered":"<p>\u00a0 \u00a0 Les associations ou artistes Vous voulez suivre nos amis des\u00a0 \u00ab\u00a0Hauts-Parleurs\u00a0\u00bb\u00a0de St-L\u00f4 ? Alors rendez-vous sur le site de Lire \u00e0 St L\u00f4 http:\/\/www.lireasaintlo.fr\/haut-parleurs\/ \u00a0ou \u00a0sur celui de la m\u00e9diath\u00e8que \u00a0http:\/\/mediatheque.saint-lo.fr\/ \u00a0Pour suivre Marc Fr\u00e9mond, allez sur le &hellip; <a href=\"https:\/\/www.larimaquoi.fr\/index.php\/nos-liens\/\">Continuer la lecture <span class=\"meta-nav\">&rarr;<\/span><\/a><\/p>\n","protected":false},"author":1,"featured_media":0,"parent":0,"menu_order":0,"comment_status":"closed","ping_status":"closed","template":"","meta":[],"_links":{"self":[{"href":"https:\/\/www.larimaquoi.fr\/index.php\/wp-json\/wp\/v2\/pages\/64"}],"collection":[{"href":"https:\/\/www.larimaquoi.fr\/index.php\/wp-json\/wp\/v2\/pages"}],"about":[{"href":"https:\/\/www.larimaquoi.fr\/index.php\/wp-json\/wp\/v2\/types\/page"}],"author":[{"embeddable":true,"href":"https:\/\/www.larimaquoi.fr\/index.php\/wp-json\/wp\/v2\/users\/1"}],"replies":[{"embeddable":true,"href":"https:\/\/www.larimaquoi.fr\/index.php\/wp-json\/wp\/v2\/comments?post=64"}],"version-history":[{"count":22,"href":"https:\/\/www.larimaquoi.fr\/index.php\/wp-json\/wp\/v2\/pages\/64\/revisions"}],"predecessor-version":[{"id":352,"href":"https:\/\/www.larimaquoi.fr\/index.php\/wp-json\/wp\/v2\/pages\/64\/revisions\/352"}],"wp:attachment":[{"href":"https:\/\/www.larimaquoi.fr\/index.php\/wp-json\/wp\/v2\/media?parent=64"}],"curies":[{"name":"wp","href":"https:\/\/api.w.org\/{rel}","templated":true}]}}