{"id":91,"date":"2016-04-22T18:18:09","date_gmt":"2016-04-22T17:18:09","guid":{"rendered":"http:\/\/www.larimaquoi.fr\/?page_id=91"},"modified":"2024-02-01T17:10:48","modified_gmt":"2024-02-01T16:10:48","slug":"historique-lectures","status":"publish","type":"page","link":"https:\/\/www.larimaquoi.fr\/index.php\/historique-lectures\/","title":{"rendered":"Historique lectures"},"content":{"rendered":"<h2><\/h2>\n<h2><span style=\"color: #0000ff;\">Les lectures sur un th\u00e8me<\/span><\/h2>\n<p><strong>Voyage : oiseaux et arbres\u00a0 <\/strong>(en pr\u00e9paration 2024)\u00a0 6 liseurs<\/p>\n<p><strong>Histoires \u00e0 dormir debout <\/strong>2024\u00a0 3 liseurs &#8211; 45 mn<\/p>\n<p><strong>L&rsquo;Embrasement<\/strong> (<strong>SMN<\/strong>) 2023\u00a0 7 liseurs et un trompettiste\u00a0 1 h<\/p>\n<p><strong>Lettres de Crim\u00e9e<\/strong>\u00a0 2023\u00a0 2 liseurs en liaison avec une conf\u00e9rence<\/p>\n<p><strong> Les Fronti\u00e8res <\/strong>(th\u00e8me du Printemps des Po\u00e8tes) 2023 &#8211; 4 liseurs &#8211; 45 mn<\/p>\n<p><strong>La Gr\u00e8ce<\/strong> (reprise ) 2022 &#8211; 3 liseurs<\/p>\n<p><strong>La f\u00eate <\/strong>2022\u00a0 5 liseurs et une pianiste (avec son piano) 40 mn<\/p>\n<p><strong>La musique &#8211; la lutherie <\/strong>2022 7 personnes , lecture en 2 parties accompagn\u00e9e de 2 musiciens (si disponibles) 1h<\/p>\n<p><strong>La voix<\/strong>\u00a0 2019 15 personnes r\u00e9parties en\u00a0 5 groupes qui se succ\u00e8dent\u00a0 pour former le tout. 1h 15<\/p>\n<p><strong>L&rsquo;Aventure<\/strong> 2019\u00a0 6 personnes 20 minutes<\/p>\n<p><strong>La beaut\u00e9 <\/strong>2019\u00a0 5 personnes<\/p>\n<p><strong>L&rsquo;attachement <\/strong>2018 3 personnes. 20 \u00e0 30 minutes<\/p>\n<p><strong>L&rsquo;ardeur\u00a0 <\/strong>2018\u00a0 3 personnes\u00a0 40 minutes<\/p>\n<p><strong>M\u00e9tamorphose de soi, m\u00e9tamorphose du monde <\/strong>2017<strong>\u00a0 <\/strong>2 trios possibles \u00ab\u00a0la femme chang\u00e9e en renard\u00a0\u00bb: 40 mn ou \u00ab\u00a0montage de textes\u00a0\u00bb de 55 minutes.<\/p>\n<p><strong>Polar<\/strong> &#8211; 2016 &#8211; 3 liseurs<\/p>\n<p><strong>La peinture<\/strong> &#8211; 2016 &#8211; 3 liseurs &#8211; 35 minutes<\/p>\n<p><span style=\"color: #1c0202;\"><strong>Face \u00e0 la fin de vie d&rsquo;un proche <\/strong>&#8211; 2016 &#8211; 3 liseurs \u00a0&#8211; 15 minutes<\/span><\/p>\n<p><span style=\"color: #1c0202;\"><strong>La photographie<\/strong> &#8211; 2016 &#8211; 5 liseurs &#8211;\u00a0 45 minutes<\/span><\/p>\n<p><span style=\"color: #1c0202;\"><strong>La montagne<\/strong>\u00a0&#8211; 2016 \u2013 4 liseurs \u2013 50 minutes<\/span><\/p>\n<p><span style=\"color: #1c0202;\">Pour le <strong>planning familial<\/strong> \u2013 2016 &#8211;\u00a0 6 liseurs \u2013 diff\u00e9rents sous th\u00e8mes (\u00e0 pr\u00e9ciser)<\/span><\/p>\n<p><span style=\"color: #1a0404;\"><strong>La diff\u00e9rence,\u00a0 le regard de l\u2019autre<\/strong>\u00a0: <span style=\"color: #008000;\">\u00ab\u00a0Toi, moi et l\u2019autre\u00a0\u00bb<\/span> &#8211; novembre 2015 \u2013 \u00a02 versions\u00a0: 11 lecteurs pour la version de 1h . 9 liseurs pour la lecture de 40 minutes. (Montage de <em>V\u00e9ronique Piantino<\/em>)\u00a0<\/span><\/p>\n<p><span style=\"color: #1a0404;\"><strong>\u00ab\u00a0Loin des villes\u00a0\u00bb<\/strong> &#8211; janvier 2015 &#8211; 6\u00a0liseurs &#8211; 25 minutes\u00a0<\/span><\/p>\n<p><strong><span style=\"color: #1a0404;\">\u00ab\u00a0Coups de\u00a0<\/span>c\u0153urs<span style=\"color: #1a0404;\">\u00ab\u00a0<\/span><\/strong><span style=\"color: #1a0404;\">\u00a0&#8211;\u00a0janvier 2015 &#8211; 7 liseurs &#8211; 20 minutes\u00a0<\/span><\/p>\n<p><span style=\"color: #1c0202;\"><strong>La Gr\u00e8ce.<\/strong>\u00a0 2 corpus diff\u00e9rents\u00a0:<\/span><\/p>\n<ul>\n<li style=\"list-style-type: none;\">\n<ul>\n<li style=\"padding-left: 30px;\"><span style=\"color: #1c0202;\">\u00a0 \u00a0 \u00a0 \u00a0 \u00a0 \u00a0 \u00a0 avril\u00a02015 \u2013 4 liseurs \u2013 30 minutes<\/span><\/li>\n<\/ul>\n<\/li>\n<\/ul>\n<ul>\n<li style=\"padding-left: 30px;\"><span style=\"color: #1c0202;\">\u00a0 \u00a0 \u00a0 \u00a0 \u00a0 \u00a0 \u00a0 mars 2014 \u2013 5 liseurs \u2013 40 minutes<\/span><\/li>\n<\/ul>\n<p><span style=\"color: #1c0202;\"><strong>Guerre 14-18<\/strong> \u2013 novembre\u00a02014 \u2013 7 liseurs et \u00e9ventuellement une violoncelliste \u2013 55 minutes<\/span><\/p>\n<p><span style=\"color: #1c0202;\"><strong>La mine de Soumont<\/strong> &#8211; janvier 2014 &#8211; 5 liseurs \u00a0et une musicienne &#8211; 50 minutes\u00a0<\/span><\/p>\n<p><span style=\"color: #1c0202;\"><strong>Les polars nordiques<\/strong> \u2013 novembre 2013 \u2013 3 lectures diff\u00e9rentes (voir auteurs)<\/span><\/p>\n<p><span style=\"color: #1c0202;\"><strong>La po\u00e9sie<\/strong> \u00a0\u00ab\u00a0L\u2019automne des po\u00e8tes\u00a0\u00bb \u2013 octobre 2013\u00a0&#8211; 5 liseurs \u00a0&#8211; 45 minutes<\/span><\/p>\n<p><span style=\"color: #1c0202;\"><strong>La mer<\/strong> \u2013 juin 2013 \u2013 4 liseurs \u2013 55 minutes \u00a0<\/span><\/p>\n<p><span style=\"color: #1a0404;\"><strong>Le temps\u00a0:<\/strong> <span style=\"color: #008000;\">\u00ab\u00a0le temps devant soi\u00a0\u00bb<\/span> &#8211; novembre 2012 \u2013 trios \u2013 dur\u00e9e variable\u00a0 de 40\u00a0mn \u00e0 plus de 1 h. (montage de <em>V\u00e9ronique Piantino<\/em>)\u00a0<\/span><\/p>\n<p><span style=\"color: #1a0404;\"><strong>L&rsquo;enfance<\/strong> &#8211; Mars 2012 &#8211; 4 liseurs &#8211; 45 minutes <\/span><\/p>\n<p><span style=\"color: #1a0404;\"><strong>Le foot \u00a0<\/strong>&#8211; f\u00e9vrier 2012 \u2013 4 liseurs \u2013 2 versions\u00a0: courte 35 minutes\u00a0; longue 50 minutes<\/span><\/p>\n<p><span style=\"color: #1a0404;\"><strong>La lecture<\/strong> &#8211; novembre 2011 ? &#8211; duos\u00a0de liseurs &#8211; 60\u00a0minutes\u00a0<\/span><\/p>\n<p><span style=\"color: #1a0404;\"><strong>\u00ab\u00a0De m\u00e8res en filles\u00a0\u00bb<\/strong> &#8211; 2010 &#8211; 9 liseurs &#8211; 60 minutes &#8211; (<em>Montage de V\u00e9ronique Piantino<\/em>)\u00a0<\/span><\/p>\n<p><span style=\"color: #330707;\"><strong> \u00ab\u00a0Moi ma m\u00e8re\u00a0\u00bb<\/strong> d&rsquo;apr\u00e8s des extraits de \u00ab\u00a0Mio mon mio\u00a0\u00bb de Astrid LINDGREN &#8211; d\u00e9cembre 2010 &#8211; \u00a05 liseurs et une accord\u00e9oniste &#8211; 40 minutes\u00a0<\/span><\/p>\n<p><strong><span style=\"color: #0000ff;\">Les lectures sur un auteur<\/span><\/strong><\/p>\n<p><span style=\"color: #330707;\">LACLAVETINE Jean-Marie \u00a02016 \u2013 2 liseurs \u2013<\/span><\/p>\n<p><span style=\"color: #330707;\">TRUC Olivier \u00a0Bor\u00e9ales 2014 &#8211; \u00a0Extraits de \u00ab\u00a0Le dernier Lapon\u00a0\u00bb &#8211; 4 liseurs &#8211; 50 minutes<\/span><\/p>\n<p><span style=\"color: #330707;\">THEORIN Johan\u00a0 \u00ab\u00a0Froid Mortel\u00a0\u00bb &#8211; fin 2013 \u2013 3 liseurs \u2013 45 minutes<\/span><\/p>\n<p><span style=\"color: #330707;\">SIGUR\u00d0ARD\u00d3TTIR\u00a0 Yrsa \u00ab\u00a0Je sais qui tu es\u00a0\u00bb &#8211; fin 2013 \u2013 3 liseurs &#8211; 45 minutes<\/span><\/p>\n<p><span style=\"color: #330707;\">BERGSSON Gu\u00f0bergur \u00ab\u00a0Deuil\u00a0\u00bb &#8211; fin 2013 \u2013 3 liseurs &#8211; 45 minutes<\/span><\/p>\n<p><span style=\"color: #330707;\">ADAM Olivier \u00a0\u00ab\u00a0Personne ne bouge\u00a0\u00bb &#8211; novembre 2012 &#8211; 4 liseurs \u00a0(dont une pianiste) &#8211; 45 minutes\u00a0<\/span><\/p>\n<p><span style=\"color: #330707;\">Fables de La FONTAINE &#8211; f\u00e9vrier 2012 &#8211; 3 liseurs- pour des coll\u00e9giens\u00a0<\/span><\/p>\n<p><span style=\"color: #330707;\">WASSMO Herbjorg \u00a0 Montage d&rsquo;extraits \u00a0 &#8211; Bor\u00e9ales fin 2011 &#8211; \u00a05 liseurs &#8211; 40 minutes\u00a0<\/span><\/p>\n<p><span style=\"color: #330707;\">MAZETTI Katarina Montage d&rsquo;extraits de \u00ab\u00a0Le mec de la tombe d&rsquo;\u00e0 c\u00f4t\u00e9\u00a0\u00bb \u00a0et \u00ab\u00a0Les larmes de Tarzan\u00a0\u00bb \u00a0&#8211; Bor\u00e9ales fin 2011 &#8211; 4 liseurs &#8211; 35 minutes<\/span><\/p>\n<p><span style=\"color: #330707;\"><span style=\"text-decoration: underline;\"><span style=\"color: #333399; text-decoration: underline;\">Auteurs de <span style=\"color: #0000ff; text-decoration: underline;\">policiers nordiques<\/span><\/span><\/span> &#8211; Bor\u00e9ales 2011 &#8211; par trios &#8211; lectures d&rsquo;extraits de 20 minutes \u00a0: \u00a0 \u00a0 \u00a0 \u00a0 \u00a0 \u00a0 \u00a0 \u00a0 \u00a0 \u00a0 \u00a0 \u00a0 \u00a0 \u00a0 \u00a0 \u00a0 \u00a0 \u00a0 \u00a0 \u00a0 \u00a0 \u00a0 \u00a0 \u00a0 \u00a0 \u00a0 \u00a0 \u00a0 \u00a0 \u00a0 \u00a0 \u00a0 \u00a0 \u00a0 \u00a0 \u00a0 \u00a0 \u00a0 \u00a0 \u00a0 \u00a0 \u00a0 \u00a0 \u00a0 \u00a0 \u00a0 \u00a0 \u00a0 \u00a0 \u00a0 \u00a0 \u00a0 \u00a0 \u00a0 \u00a0 \u00a0 \u00a0 \u00a0 \u00a0 \u00a0 \u00a0 \u00a0 \u00a0 \u00a0 \u00a0 \u00a0 \u00a0 \u00a0 \u00a0 \u00a0<\/span><span style=\"color: #300202;\">FROBENIUS Nicolaj \u00ab\u00a0Je vous apprendra la peur\u00a0\u00bb \u00a0 \u00a0 \u00a0 \u00a0 \u00a0 \u00a0 \u00a0 \u00a0 \u00a0 \u00a0 \u00a0 \u00a0 \u00a0 \u00a0 \u00a0 \u00a0 \u00a0 \u00a0 \u00a0 \u00a0 \u00a0 \u00a0 \u00a0 \u00a0 \u00a0 \u00a0 \u00a0HAMMER Lotte et Soren \u00ab\u00a0Morte la b\u00eate\u00a0\u00bb \u00a0 \u00a0 \u00a0 \u00a0 \u00a0 \u00a0 \u00a0 \u00a0 \u00a0 \u00a0 \u00a0 \u00a0 \u00a0 \u00a0 \u00a0 \u00a0 \u00a0 \u00a0 \u00a0 \u00a0 \u00a0 \u00a0 \u00a0 \u00a0 \u00a0 \u00a0 \u00a0 \u00a0 \u00a0 \u00a0KALLENTOFT Mons \u00ab\u00a0Automne\u00a0\u00bb \u00a0 \u00a0 \u00a0 \u00a0 \u00a0 \u00a0 \u00a0 \u00a0 \u00a0 \u00a0 \u00a0 \u00a0 \u00a0 \u00a0 \u00a0 \u00a0 \u00a0 \u00a0 \u00a0 \u00a0 \u00a0 \u00a0 \u00a0 \u00a0 \u00a0 \u00a0 \u00a0 \u00a0 \u00a0 \u00a0 \u00a0 \u00a0 \u00a0 \u00a0 \u00a0 \u00a0 \u00a0 \u00a0 \u00a0 \u00a0 \u00a0 \u00a0 \u00a0 \u00a0 \u00a0 \u00a0MANI Stefan \u00ab\u00a0Rouge sang\u00a0\u00bb \u00a0 \u00a0 \u00a0 \u00a0 \u00a0 \u00a0 \u00a0 \u00a0 \u00a0 \u00a0 \u00a0 \u00a0 \u00a0 \u00a0 \u00a0 \u00a0 \u00a0 \u00a0 \u00a0 \u00a0 \u00a0 \u00a0 \u00a0 \u00a0 \u00a0 \u00a0 \u00a0 \u00a0 \u00a0 \u00a0 \u00a0 \u00a0 \u00a0 \u00a0 \u00a0 \u00a0 \u00a0 \u00a0 \u00a0 \u00a0 \u00a0 \u00a0 \u00a0 \u00a0 \u00a0 \u00a0 \u00a0 \u00a0 \u00a0 \u00a0 \u00a0 \u00a0RONKA Matti \u00ab\u00a0Fronti\u00e8re blanche\u00a0\u00bb<\/span><\/p>\n<p><span style=\"color: #330707;\">LINDGREN Astrid &#8211; extraits de \u00a0\u00ab\u00a0Mio mon Mio\u00a0\u00bb &#8211; fin 2010 &#8211;\u00a0 5 liseurs et une accord\u00e9oniste &#8211; 40 minutes\u00a0<\/span><\/p>\n","protected":false},"excerpt":{"rendered":"<p>Les lectures sur un th\u00e8me Voyage : oiseaux et arbres\u00a0 (en pr\u00e9paration 2024)\u00a0 6 liseurs Histoires \u00e0 dormir debout 2024\u00a0 3 liseurs &#8211; 45 mn L&rsquo;Embrasement (SMN) 2023\u00a0 7 liseurs et un trompettiste\u00a0 1 h Lettres de Crim\u00e9e\u00a0 2023\u00a0 2 &hellip; <a href=\"https:\/\/www.larimaquoi.fr\/index.php\/historique-lectures\/\">Continuer la lecture <span class=\"meta-nav\">&rarr;<\/span><\/a><\/p>\n","protected":false},"author":1,"featured_media":0,"parent":0,"menu_order":0,"comment_status":"closed","ping_status":"closed","template":"","meta":[],"_links":{"self":[{"href":"https:\/\/www.larimaquoi.fr\/index.php\/wp-json\/wp\/v2\/pages\/91"}],"collection":[{"href":"https:\/\/www.larimaquoi.fr\/index.php\/wp-json\/wp\/v2\/pages"}],"about":[{"href":"https:\/\/www.larimaquoi.fr\/index.php\/wp-json\/wp\/v2\/types\/page"}],"author":[{"embeddable":true,"href":"https:\/\/www.larimaquoi.fr\/index.php\/wp-json\/wp\/v2\/users\/1"}],"replies":[{"embeddable":true,"href":"https:\/\/www.larimaquoi.fr\/index.php\/wp-json\/wp\/v2\/comments?post=91"}],"version-history":[{"count":21,"href":"https:\/\/www.larimaquoi.fr\/index.php\/wp-json\/wp\/v2\/pages\/91\/revisions"}],"predecessor-version":[{"id":354,"href":"https:\/\/www.larimaquoi.fr\/index.php\/wp-json\/wp\/v2\/pages\/91\/revisions\/354"}],"wp:attachment":[{"href":"https:\/\/www.larimaquoi.fr\/index.php\/wp-json\/wp\/v2\/media?parent=91"}],"curies":[{"name":"wp","href":"https:\/\/api.w.org\/{rel}","templated":true}]}}